{"id":14,"date":"2022-05-11T14:02:50","date_gmt":"2022-05-11T12:02:50","guid":{"rendered":"http:\/\/www.karolew.pl\/?page_id=14"},"modified":"2022-05-11T14:06:28","modified_gmt":"2022-05-11T12:06:28","slug":"o-nas","status":"publish","type":"page","link":"https:\/\/www.karolew.pl\/index.php\/o-nas\/","title":{"rendered":"O Nas"},"content":{"rendered":"\n<p><strong>Gospodarstwo Rolne Karolew Sp\u00f3\u0142ka z ograniczon\u0105 odpowiedzialno\u015bci\u0105<\/strong><\/p>\n\n\n\n<p>Karolew 7<\/p>\n\n\n\n<p>63-810 Borek Wielkopolski<\/p>\n\n\n\n<p>NIP 696-16-54-697<\/p>\n\n\n\n<p>REGON 411151910<\/p>\n\n\n\n<p>KRS 0000047930 &#8211; S\u0105d Rejonowy Pozna\u0144 &#8211; Nowe Miasto i Wilda w Poznaniu, IX Wydzia\u0142 Gospodarczy Krajowego Rejestru S\u0105dowego<\/p>\n\n\n\n<p>Kapita\u0142 podstawowy: 2.002.800,- z\u0142<\/p>\n\n\n\n<p>Prezes Zarz\u0105du Krzysztof Kucharski<\/p>\n","protected":false},"excerpt":{"rendered":"<p>Gospodarstwo Rolne Karolew Sp\u00f3\u0142ka z ograniczon\u0105 odpowiedzialno\u015bci\u0105 Karolew 7 63-810 Borek Wielkopolski NIP 696-16-54-697 REGON 411151910 KRS 0000047930 &#8211; S\u0105d Rejonowy Pozna\u0144 &#8211; Nowe Miasto i Wilda w Poznaniu, IX Wydzia\u0142 Gospodarczy Krajowego Rejestru S\u0105dowego Kapita\u0142 podstawowy: 2.002.800,- z\u0142 Prezes Zarz\u0105du Krzysztof Kucharski<\/p>\n","protected":false},"author":1,"featured_media":0,"parent":0,"menu_order":1,"comment_status":"closed","ping_status":"closed","template":"","meta":[],"_links":{"self":[{"href":"https:\/\/www.karolew.pl\/index.php\/wp-json\/wp\/v2\/pages\/14"}],"collection":[{"href":"https:\/\/www.karolew.pl\/index.php\/wp-json\/wp\/v2\/pages"}],"about":[{"href":"https:\/\/www.karolew.pl\/index.php\/wp-json\/wp\/v2\/types\/page"}],"author":[{"embeddable":true,"href":"https:\/\/www.karolew.pl\/index.php\/wp-json\/wp\/v2\/users\/1"}],"replies":[{"embeddable":true,"href":"https:\/\/www.karolew.pl\/index.php\/wp-json\/wp\/v2\/comments?post=14"}],"version-history":[{"count":1,"href":"https:\/\/www.karolew.pl\/index.php\/wp-json\/wp\/v2\/pages\/14\/revisions"}],"predecessor-version":[{"id":15,"href":"https:\/\/www.karolew.pl\/index.php\/wp-json\/wp\/v2\/pages\/14\/revisions\/15"}],"wp:attachment":[{"href":"https:\/\/www.karolew.pl\/index.php\/wp-json\/wp\/v2\/media?parent=14"}],"curies":[{"name":"wp","href":"https:\/\/api.w.org\/{rel}","templated":true}]}}